{"id":112,"date":"2021-10-20T08:13:41","date_gmt":"2021-10-20T11:13:41","guid":{"rendered":"https:\/\/cheilayoga.com\/blog\/?page_id=112"},"modified":"2021-10-20T08:14:32","modified_gmt":"2021-10-20T11:14:32","slug":"politica-de-privacidade","status":"publish","type":"page","link":"https:\/\/cheilayoga.com\/blog\/politica-de-privacidade\/","title":{"rendered":"Pol\u00edtica de privacidade"},"content":{"rendered":"\n<p>Todas as suas informa\u00e7\u00f5es pessoais recolhidas, ser\u00e3o usadas para o ajudar a tornar a sua visita no nosso site a mais produtiva e agrad\u00e1vel poss\u00edvel. A garantia da confidencialidade dos dados pessoais dos utilizadores do nosso site \u00e9 importante para o Cheila Yoga. Todas as informa\u00e7\u00f5es pessoais relativas a membros, assinantes, clientes ou visitantes que usem o Cheila Yoga ser\u00e3o tratadas em concord\u00e2ncia com a Lei da Prote\u00e7\u00e3o de dados Pessoais de 26 de outubro de 1998 (Lei n.\u00ba 67\/98). A informa\u00e7\u00e3o pessoal recolhida pode incluir o seu nome, e\u00admail, n\u00famero de telefone e\/ou telem\u00f3vel, morada, data de nascimento e\/ou outros. O uso do Cheila Yoga pressup\u00f5e a aceita\u00e7\u00e3o deste Acordo de Privacidade. A equipe do Cheila Yoga reserva-se ao direito de alterar este acordo sem aviso pr\u00e9vio. Deste modo, recomendamos que consulte a nossa Pol\u00edtica de Privacidade com regularidade de forma a estar sempre atualizado. <\/p>\n\n\n\n<h2 class=\"wp-block-heading\"> Os an\u00fancios <\/h2>\n\n\n\n<p>Tal como outros websites, coletamos e utilizamos informa\u00e7\u00e3o contida nos an\u00fancios. A informa\u00e7\u00e3o contida nos an\u00fancios, inclui o seu endere\u00e7o IP (Internet Protocol), o seu ISP (Internet Service Provider, como o Sapo, Clix, ou outro), o browser que utilizou ao visitar o nosso website (como o Internet Explorer ou o Firefox), o tempo da sua visita e que p\u00e1ginas visitou dentro do nosso website. <\/p>\n\n\n\n<h2 class=\"wp-block-heading\"> Os Cookies e Web Beacons <\/h2>\n\n\n\n<p>Utilizamos cookies para armazenar informa\u00e7\u00e3o, tais como as suas prefer\u00eancias pessoas quando visita o nosso website. Isto poder\u00e1 incluir um simples popup, ou uma liga\u00e7\u00e3o em v\u00e1rios servi\u00e7os que providenciamos, tais como f\u00f3runs. Em adi\u00e7\u00e3o tamb\u00e9m utilizamos publicidade de terceiros no nosso website para suportar os custos de manuten\u00e7\u00e3o. Alguns destes publicit\u00e1rios, poder\u00e3o utilizar tecnologias como os cookies e\/ou web beacons quando publicitam no nosso website, o que far\u00e1 com que esses publicit\u00e1rios (como o Google atrav\u00e9s do Google AdSense) tamb\u00e9m recebam a sua informa\u00e7\u00e3o pessoal, como o endere\u00e7o IP, o seu ISP, o seu browser, etc. Esta fun\u00e7\u00e3o \u00e9 geralmente utilizada para geotargeting (mostrar publicidade de Lisboa apenas aos leitores oriundos de Lisboa, por exemplo) ou apresentar publicidade direcionada a um tipo de utilizador (como mostrar publicidade de restaurante a um utilizador que visita sites de culin\u00e1ria regularmente, por exemplo). Voc\u00ea det\u00e9m o poder de desligar os seus cookies, nas op\u00e7\u00f5es do seu browser, ou efetuando altera\u00e7\u00f5es nas ferramentas de programas Anti-\u00adV\u00edrus, como o Norton Internet Security. No entanto, isso poder\u00e1 alterar a forma como interage com o nosso website, ou outros websites. Isso poder\u00e1 afetar ou n\u00e3o permitir que fa\u00e7a logins em programas, sites ou f\u00f3runs da nossa e de outras redes. <\/p>\n\n\n\n<h2 class=\"wp-block-heading\">Liga\u00e7\u00f5es a sites de terceiros<\/h2>\n\n\n\n<p>O Cheila Yoga possui liga\u00e7\u00f5es para outros sites, os quais, a nosso ver, podem conter informa\u00e7\u00f5es \/ ferramentas \u00fateis para os nossos visitantes. A nossa pol\u00edtica de privacidade n\u00e3o \u00e9 aplicada a sites de terceiros, pelo que, caso visite outro site a partir do nosso dever\u00e1 ler a pol\u00edtica de privacidade do mesmo. N\u00e3o nos responsabilizamos pela pol\u00edtica de privacidade ou conte\u00fado presente nesses mesmos sites.<\/p>\n","protected":false},"excerpt":{"rendered":"<p>Todas as suas informa\u00e7\u00f5es pessoais recolhidas, ser\u00e3o usadas para o ajudar a tornar a sua visita no nosso site a mais produtiva e agrad\u00e1vel poss\u00edvel. A garantia da confidencialidade dos dados pessoais dos utilizadores do nosso site \u00e9 importante para o Cheila Yoga. Todas as informa\u00e7\u00f5es pessoais relativas a membros, assinantes, clientes ou visitantes que usem o Cheila Yoga ser\u00e3o tratadas em concord\u00e2ncia com a Lei da Prote\u00e7\u00e3o de dados Pessoais de 26 de outubro de 1998 (Lei n.\u00ba 67\/98). A informa\u00e7\u00e3o pessoal recolhida pode <a href=\"https:\/\/cheilayoga.com\/blog\/politica-de-privacidade\/\" class=\"more-link\"><span>Continue<\/span>\u2192<\/a><\/p>\n","protected":false},"author":1,"featured_media":0,"parent":0,"menu_order":0,"comment_status":"closed","ping_status":"closed","template":"","meta":{"footnotes":""},"class_list":["entry","page","publish","author-cheilayogablog","post-112"],"yoast_head":"<!-- This site is optimized with the Yoast SEO plugin v27.4 - https:\/\/yoast.com\/product\/yoast-seo-wordpress\/ -->\n<title>Pol\u00edtica de privacidade - Blog da Cheila Yoga<\/title>\n<meta name=\"robots\" content=\"index, follow, max-snippet:-1, max-image-preview:large, max-video-preview:-1\" \/>\n<link rel=\"canonical\" href=\"https:\/\/cheilayoga.com\/blog\/politica-de-privacidade\/\" \/>\n<meta property=\"og:locale\" content=\"pt_BR\" \/>\n<meta property=\"og:type\" content=\"article\" \/>\n<meta property=\"og:title\" content=\"Pol\u00edtica de privacidade - Blog da Cheila Yoga\" \/>\n<meta property=\"og:description\" content=\"Todas as suas informa\u00e7\u00f5es pessoais recolhidas, ser\u00e3o usadas para o ajudar a tornar a sua visita no nosso site a mais produtiva e agrad\u00e1vel poss\u00edvel. A garantia da confidencialidade dos dados pessoais dos utilizadores do nosso site \u00e9 importante para o Cheila Yoga. Todas as informa\u00e7\u00f5es pessoais relativas a membros, assinantes, clientes ou visitantes que usem o Cheila Yoga ser\u00e3o tratadas em concord\u00e2ncia com a Lei da Prote\u00e7\u00e3o de dados Pessoais de 26 de outubro de 1998 (Lei n.\u00ba 67\/98). A informa\u00e7\u00e3o pessoal recolhida pode Continue\u2192\" \/>\n<meta property=\"og:url\" content=\"https:\/\/cheilayoga.com\/blog\/politica-de-privacidade\/\" \/>\n<meta property=\"og:site_name\" content=\"Blog da Cheila Yoga\" \/>\n<meta property=\"article:publisher\" content=\"https:\/\/www.facebook.com\/cheilayoga\" \/>\n<meta property=\"article:modified_time\" content=\"2021-10-20T11:14:32+00:00\" \/>\n<meta property=\"og:image\" content=\"https:\/\/cheilayoga.com\/blog\/wp-content\/uploads\/2021\/07\/cheilayoga-e1634589094884.png\" \/>\n\t<meta property=\"og:image:width\" content=\"1000\" \/>\n\t<meta property=\"og:image:height\" content=\"612\" \/>\n\t<meta property=\"og:image:type\" content=\"image\/png\" \/>\n<meta name=\"twitter:card\" content=\"summary_large_image\" \/>\n<meta name=\"twitter:label1\" content=\"Est. tempo de leitura\" \/>\n\t<meta name=\"twitter:data1\" content=\"3 minutos\" \/>\n<script type=\"application\/ld+json\" class=\"yoast-schema-graph\">{\"@context\":\"https:\\\/\\\/schema.org\",\"@graph\":[{\"@type\":\"WebPage\",\"@id\":\"https:\\\/\\\/cheilayoga.com\\\/blog\\\/politica-de-privacidade\\\/\",\"url\":\"https:\\\/\\\/cheilayoga.com\\\/blog\\\/politica-de-privacidade\\\/\",\"name\":\"Pol\u00edtica de privacidade - Blog da Cheila Yoga\",\"isPartOf\":{\"@id\":\"https:\\\/\\\/cheilayoga.com\\\/blog\\\/#website\"},\"datePublished\":\"2021-10-20T11:13:41+00:00\",\"dateModified\":\"2021-10-20T11:14:32+00:00\",\"breadcrumb\":{\"@id\":\"https:\\\/\\\/cheilayoga.com\\\/blog\\\/politica-de-privacidade\\\/#breadcrumb\"},\"inLanguage\":\"pt-BR\",\"potentialAction\":[{\"@type\":\"ReadAction\",\"target\":[\"https:\\\/\\\/cheilayoga.com\\\/blog\\\/politica-de-privacidade\\\/\"]}]},{\"@type\":\"BreadcrumbList\",\"@id\":\"https:\\\/\\\/cheilayoga.com\\\/blog\\\/politica-de-privacidade\\\/#breadcrumb\",\"itemListElement\":[{\"@type\":\"ListItem\",\"position\":1,\"name\":\"In\u00edcio\",\"item\":\"https:\\\/\\\/cheilayoga.com\\\/blog\\\/\"},{\"@type\":\"ListItem\",\"position\":2,\"name\":\"Pol\u00edtica de privacidade\"}]},{\"@type\":\"WebSite\",\"@id\":\"https:\\\/\\\/cheilayoga.com\\\/blog\\\/#website\",\"url\":\"https:\\\/\\\/cheilayoga.com\\\/blog\\\/\",\"name\":\"Cheila Yoga\",\"description\":\"Bem-vinda ao blog Cheila Yoga\",\"publisher\":{\"@id\":\"https:\\\/\\\/cheilayoga.com\\\/blog\\\/#organization\"},\"potentialAction\":[{\"@type\":\"SearchAction\",\"target\":{\"@type\":\"EntryPoint\",\"urlTemplate\":\"https:\\\/\\\/cheilayoga.com\\\/blog\\\/?s={search_term_string}\"},\"query-input\":{\"@type\":\"PropertyValueSpecification\",\"valueRequired\":true,\"valueName\":\"search_term_string\"}}],\"inLanguage\":\"pt-BR\"},{\"@type\":\"Organization\",\"@id\":\"https:\\\/\\\/cheilayoga.com\\\/blog\\\/#organization\",\"name\":\"Cheila Yoga\",\"url\":\"https:\\\/\\\/cheilayoga.com\\\/blog\\\/\",\"logo\":{\"@type\":\"ImageObject\",\"inLanguage\":\"pt-BR\",\"@id\":\"https:\\\/\\\/cheilayoga.com\\\/blog\\\/#\\\/schema\\\/logo\\\/image\\\/\",\"url\":\"https:\\\/\\\/cheilayoga.com\\\/blog\\\/wp-content\\\/uploads\\\/2021\\\/07\\\/cropped-cheilayoga.png\",\"contentUrl\":\"https:\\\/\\\/cheilayoga.com\\\/blog\\\/wp-content\\\/uploads\\\/2021\\\/07\\\/cropped-cheilayoga.png\",\"width\":512,\"height\":512,\"caption\":\"Cheila Yoga\"},\"image\":{\"@id\":\"https:\\\/\\\/cheilayoga.com\\\/blog\\\/#\\\/schema\\\/logo\\\/image\\\/\"},\"sameAs\":[\"https:\\\/\\\/www.facebook.com\\\/cheilayoga\",\"https:\\\/\\\/instagram.com\\\/cheilayoga\",\"https:\\\/\\\/www.youtube.com\\\/channel\\\/UCnWthW8PEunkJrGwzg573vQ\"]}]}<\/script>\n<!-- \/ Yoast SEO plugin. -->","yoast_head_json":{"title":"Pol\u00edtica de privacidade - Blog da Cheila Yoga","robots":{"index":"index","follow":"follow","max-snippet":"max-snippet:-1","max-image-preview":"max-image-preview:large","max-video-preview":"max-video-preview:-1"},"canonical":"https:\/\/cheilayoga.com\/blog\/politica-de-privacidade\/","og_locale":"pt_BR","og_type":"article","og_title":"Pol\u00edtica de privacidade - Blog da Cheila Yoga","og_description":"Todas as suas informa\u00e7\u00f5es pessoais recolhidas, ser\u00e3o usadas para o ajudar a tornar a sua visita no nosso site a mais produtiva e agrad\u00e1vel poss\u00edvel. A garantia da confidencialidade dos dados pessoais dos utilizadores do nosso site \u00e9 importante para o Cheila Yoga. Todas as informa\u00e7\u00f5es pessoais relativas a membros, assinantes, clientes ou visitantes que usem o Cheila Yoga ser\u00e3o tratadas em concord\u00e2ncia com a Lei da Prote\u00e7\u00e3o de dados Pessoais de 26 de outubro de 1998 (Lei n.\u00ba 67\/98). A informa\u00e7\u00e3o pessoal recolhida pode Continue\u2192","og_url":"https:\/\/cheilayoga.com\/blog\/politica-de-privacidade\/","og_site_name":"Blog da Cheila Yoga","article_publisher":"https:\/\/www.facebook.com\/cheilayoga","article_modified_time":"2021-10-20T11:14:32+00:00","og_image":[{"width":1000,"height":612,"url":"https:\/\/cheilayoga.com\/blog\/wp-content\/uploads\/2021\/07\/cheilayoga-e1634589094884.png","type":"image\/png"}],"twitter_card":"summary_large_image","twitter_misc":{"Est. tempo de leitura":"3 minutos"},"schema":{"@context":"https:\/\/schema.org","@graph":[{"@type":"WebPage","@id":"https:\/\/cheilayoga.com\/blog\/politica-de-privacidade\/","url":"https:\/\/cheilayoga.com\/blog\/politica-de-privacidade\/","name":"Pol\u00edtica de privacidade - Blog da Cheila Yoga","isPartOf":{"@id":"https:\/\/cheilayoga.com\/blog\/#website"},"datePublished":"2021-10-20T11:13:41+00:00","dateModified":"2021-10-20T11:14:32+00:00","breadcrumb":{"@id":"https:\/\/cheilayoga.com\/blog\/politica-de-privacidade\/#breadcrumb"},"inLanguage":"pt-BR","potentialAction":[{"@type":"ReadAction","target":["https:\/\/cheilayoga.com\/blog\/politica-de-privacidade\/"]}]},{"@type":"BreadcrumbList","@id":"https:\/\/cheilayoga.com\/blog\/politica-de-privacidade\/#breadcrumb","itemListElement":[{"@type":"ListItem","position":1,"name":"In\u00edcio","item":"https:\/\/cheilayoga.com\/blog\/"},{"@type":"ListItem","position":2,"name":"Pol\u00edtica de privacidade"}]},{"@type":"WebSite","@id":"https:\/\/cheilayoga.com\/blog\/#website","url":"https:\/\/cheilayoga.com\/blog\/","name":"Cheila Yoga","description":"Bem-vinda ao blog Cheila Yoga","publisher":{"@id":"https:\/\/cheilayoga.com\/blog\/#organization"},"potentialAction":[{"@type":"SearchAction","target":{"@type":"EntryPoint","urlTemplate":"https:\/\/cheilayoga.com\/blog\/?s={search_term_string}"},"query-input":{"@type":"PropertyValueSpecification","valueRequired":true,"valueName":"search_term_string"}}],"inLanguage":"pt-BR"},{"@type":"Organization","@id":"https:\/\/cheilayoga.com\/blog\/#organization","name":"Cheila Yoga","url":"https:\/\/cheilayoga.com\/blog\/","logo":{"@type":"ImageObject","inLanguage":"pt-BR","@id":"https:\/\/cheilayoga.com\/blog\/#\/schema\/logo\/image\/","url":"https:\/\/cheilayoga.com\/blog\/wp-content\/uploads\/2021\/07\/cropped-cheilayoga.png","contentUrl":"https:\/\/cheilayoga.com\/blog\/wp-content\/uploads\/2021\/07\/cropped-cheilayoga.png","width":512,"height":512,"caption":"Cheila Yoga"},"image":{"@id":"https:\/\/cheilayoga.com\/blog\/#\/schema\/logo\/image\/"},"sameAs":["https:\/\/www.facebook.com\/cheilayoga","https:\/\/instagram.com\/cheilayoga","https:\/\/www.youtube.com\/channel\/UCnWthW8PEunkJrGwzg573vQ"]}]}},"_links":{"self":[{"href":"https:\/\/cheilayoga.com\/blog\/wp-json\/wp\/v2\/pages\/112","targetHints":{"allow":["GET"]}}],"collection":[{"href":"https:\/\/cheilayoga.com\/blog\/wp-json\/wp\/v2\/pages"}],"about":[{"href":"https:\/\/cheilayoga.com\/blog\/wp-json\/wp\/v2\/types\/page"}],"author":[{"embeddable":true,"href":"https:\/\/cheilayoga.com\/blog\/wp-json\/wp\/v2\/users\/1"}],"replies":[{"embeddable":true,"href":"https:\/\/cheilayoga.com\/blog\/wp-json\/wp\/v2\/comments?post=112"}],"version-history":[{"count":2,"href":"https:\/\/cheilayoga.com\/blog\/wp-json\/wp\/v2\/pages\/112\/revisions"}],"predecessor-version":[{"id":115,"href":"https:\/\/cheilayoga.com\/blog\/wp-json\/wp\/v2\/pages\/112\/revisions\/115"}],"wp:attachment":[{"href":"https:\/\/cheilayoga.com\/blog\/wp-json\/wp\/v2\/media?parent=112"}],"curies":[{"name":"wp","href":"https:\/\/api.w.org\/{rel}","templated":true}]}}